{"id":321,"date":"2021-02-01T12:26:41","date_gmt":"2021-02-01T12:26:41","guid":{"rendered":"https:\/\/ssip2021.riteh.hr\/?page_id=321"},"modified":"2021-02-01T12:26:41","modified_gmt":"2021-02-01T12:26:41","slug":"transportation","status":"publish","type":"page","link":"https:\/\/sustrainable.uniri.hr\/?page_id=321","title":{"rendered":"Rijeka travel information"},"content":{"rendered":"\n<p id=\"block-6b3ff139-dd44-4ebc-ae75-ba413285551e\">You can arrive in Rijeka from three main land directions as well as from the sea and from the air. We are well connected with the rest of the world through a number of airline companies. The extraordinary quality of the Croatian motorways will ensure a pleasant trip.<\/p>\n\n\n\n<h2><strong>By plane<\/strong><\/h2>\n\n\n\n<p><strong>Rijeka Airport (RJK) <\/strong>is located on the island of Krk some 30 km away from the city. All the information about the flights can be found on the airport webpage and plane tickets can be purchased online on the web pages of airline companies or in a number of travel agencies.<\/p>\n\n\n\n<p id=\"block-d1989d29-97da-4c3c-8aa0-52814290c42a\">Transfer between the city centre and the airport is organised by bus or by taxi. More information can be found on the <a href=\"http:\/\/rijeka-airport.hr\/\">Rijeka Airport Website<\/a>.<\/p>\n\n\n\n<p id=\"block-3822b76a-b172-4811-a3b7-484f750851ec\">There is a designated bus service from the airport into Rijeka in connection with flights. For the current timetable visit the airport website. The price is 50 HRK one way. When going from the city to the airport make sure you buy your ticket at the station (you can pay by credit card as well) as cash on board is not accepted.<\/p>\n\n\n\n<p id=\"block-f41a5808-35f7-4b76-84a1-55f379f1db32\">There are regular bus services from Rijeka into Zagreb Airport for connections there. The Croatia Airlines website has more information.<\/p>\n\n\n\n<p id=\"block-6db44747-ad29-4a6b-8591-25ff96793e53\"><strong>Phone<\/strong>: +385 99 525 8911<br><strong>Website<\/strong>:&nbsp;<a href=\"http:\/\/www.rijeka-airport.hr\/\">www.rijeka-airport.hr<\/a><br><strong>E-mail<\/strong>: <a href=\"mailto:information@rijeka-airport.hr\">information@rijeka-airport.hr<\/a><\/p>\n\n\n\n<p><strong>Pula Airport (PUY) <\/strong>is the international airport serving Pula, Croatia, and is located 100 km from the city of Rijeka.<\/p>\n\n\n\n<p id=\"block-b8e558ee-c9a5-4708-85c4-d1ad7f3b3e09\">Ground transportation:<\/p>\n\n\n\n<ul id=\"block-daa94a16-14fa-45fa-accc-c86a39ca920c\"><li>A bus that goes to\/from the airport (&#8220;Pula Zracna Luka&#8221;) and the Pula central bus terminal (&#8220;Bus Kolodvor&#8221;).<\/li><li>A taxi can be taken to the outskirts of Pula (specifically, Verudela, where Hotel Palma and Histria are located).<\/li><\/ul>\n\n\n\n<p id=\"block-93fc740c-776a-4d19-9fa7-cab18d5b063e\"><strong>Phone<\/strong>: \u00a0+385 52 550 926<br><strong>Website<\/strong>:\u00a0<a href=\"https:\/\/airport-pula.hr\/\">https:\/\/airport-pula.hr\/<\/a><br><strong>E-mail<\/strong>: <a href=\"mailto:operations@airport-pula.hr\">operations@airport-pula.hr<\/a><\/p>\n\n\n\n<p><strong>Franjo Tu\u0111man Airport (ZAG) <\/strong>is an international airport serving Zagreb, Croatia. It is the largest and busiest airport in Croatia.<\/p>\n\n\n\n<p id=\"block-2594d39a-cd05-4491-befd-5ed9d1145141\">Ground transportation:<\/p>\n\n\n\n<ul id=\"block-5b993414-ab4e-4286-8f14-555455beb561\"><li>By Car: <a href=\"https:\/\/www.zagreb-airport.hr\/en\/passengers\/to-from-the-airport\/by-car\/88\">Read more<\/a><\/li><li>By Airport Shuttle: The scheduled airport shuttle &#8220;Pleso prijevoz&#8221; is operating between the Airport and the Zagreb Central Bus Terminal: <a href=\"http:\/\/voznired.akz.hr\/voznired.aspx?lang=en\">Zagreb Central Bus Timetable<\/a>. This shuttle service is organized in such way that it follows the airport timetable. All additional information regarding the airport shuttle timetable, prices and tickets you can find on <a href=\"https:\/\/plesoprijevoz.hr\/en\/zagreb-croatia\/\">this website<\/a>.<\/li><li>By Taxi \/ Rent-a-car: The taxi stand for arriving passengers will be available at the Passenger Terminal, located in the vicinity of the Ground Floor, Arrivals level of the Terminal. Please follow signs for Taxi.<\/li><li>By ZET Bus: Departures are scheduled&nbsp;<strong>every 35 minutes<\/strong>. First departure on weekdays and Saturdays from Kvaternik Square is at 04:20AM and on Sundays at 05:20AM, while the last departure from Velika Gorica is every day at 00:15AM. <a href=\"https:\/\/www.zagreb-airport.hr\/UserDocsImages\/dokumenti\/Trasa_ZET_linije_290_Zagreb%20(Kvaternikov%20trg)_zra%C4%8Dna%20luka_Velika%20Gorica.pdf\">ZET Line 290 ZAGREB (Kvaternikov Trg) &#8211; FRANJO TU\u0110MAN AIRPORT &#8211; VELIKA GORICA Route<\/a>, <a href=\"https:\/\/www.zagreb-airport.hr\/UserDocsImages\/dokumenti\/ZET_linija_290.pdf\">ZET Line 290 Timetable<\/a>.<\/li><\/ul>\n\n\n\n<h2><strong>By bus<\/strong><\/h2>\n\n\n\n<p id=\"block-acba7605-c614-41b9-a9ac-fe0f054ca72c\"><strong>The bus station<\/strong><br>The bus station is located in the city centre, on \u017dabica, at the foot of the imposing Capuchin church. All information about the time-table and ticket prices can be found on the&nbsp;<a href=\"https:\/\/www.arriva.com.hr\/en-us\/home\">Arriva web page<\/a>,&nbsp;<a href=\"https:\/\/global.flixbus.com\/bus\/rijeka\">FlixBus<\/a>&nbsp;web page or in the agency at the bus station. If you have time for sightseeing, you can leave your luggage in the left-luggage office located inside the station.<\/p>\n\n\n\n<p id=\"block-ee99513f-caa4-4db3-974f-03e217b88f1c\"><strong>Connections<\/strong><br>The cities to which Rijeka is connected with bus lines:&nbsp;Basel, Ba\u0161ka, Beograd, Berlin, Cres, Crikvenica, Dortmund, Dubrovnik, Frankfurt, Fu\u017eine, Hamburg, Karlovac, Krk, Labin, Ljubljana, Makarska, Mali Lo\u0161inj, Malinska, Mannheim, Munchen, Novalja, Novi Vinodolski, Novigrad, Opatija, Pag, Pore\u010d, Postojnska jama, Pula, Rab, Rovinj, Sarajevo, Split, Stuttgart, \u0160ibenik, Trieste, Umag, Zadar, Zagreb, Zurich.<\/p>\n\n\n\n<p id=\"block-1524dc4f-e7d3-4753-be7c-239dccd1b0b5\"><strong>Phone<\/strong>: \u00a0+385 60 888 666<br><strong>Website<\/strong>:\u00a0<a href=\"https:\/\/www.arriva.com.hr\/en-us\/home\">https:\/\/www.arriva.com.hr\/en-us\/home<\/a> \/ <a href=\"https:\/\/global.flixbus.com\/bus\/rijeka\">https:\/\/global.flixbus.com\/bus\/rijeka<\/a><br><strong>E-mail<\/strong>: <a href=\"mailto:info@arriva.com.hr\">info@arriva.com.hr<\/a><\/p>\n\n\n\n<h2><strong>By car<\/strong><\/h2>\n\n\n\n<p id=\"block-914e559d-09cc-4e8b-80c8-589076e27cae\">The extraordinary quality of the Croatian motorways will ensure a pleasant trip. We advise you to check the Road Conditions Report before you begin your journey.<\/p>\n\n\n\n<p id=\"block-ce417e3a-c687-4ac1-b150-693602b45339\"><strong>Road Conditions<\/strong><\/p>\n\n\n\n<p id=\"block-ce790d01-6c60-493f-9a06-e31deb7b0136\">Get ready before your journey \u2013 check the <a href=\"https:\/\/www.hak.hr\/en#traffic-flow-and-road-conditions\">Croatian Automobile Club web pages<\/a> for road conditions, along with information on traffic at border crossings, ferry ports, traffic predictions and a variety of driving tips.<\/p>\n\n\n\n<ul id=\"block-6b6a79f3-6b26-4528-a68f-1470ca903338\"><li>Travellers heading from Zagreb (185 km) should take the A1 to Bosiljevo and then take the A6 to Rijeka. Portions of the A6 is a 4-6 lane motorway.<\/li><\/ul>\n\n\n\n<ul id=\"block-36ae90d5-6ede-4a72-b374-42765a50ae21\"><li>Travellers from Trieste (76 km) should take A7 upon entering Croatia at Rupa border crossing.<\/li><li>Travellers from Split (380 km) can take A1 to \u017duta Lokva and then proceed via Senj and Crikvenica to Rijeka.<\/li><\/ul>\n\n\n\n<p id=\"block-d44dd90f-1472-46da-b316-a9e8c54d419d\"><strong>Distances between Rijeka and other Croatian cities<\/strong><\/p>\n\n\n\n<p id=\"block-724d148d-8494-4263-9a42-4fea7f1b1f52\">Osijek \u2013 445 km<\/p>\n\n\n\n<p id=\"block-9bdba808-c4b6-4246-9d9b-fbf0e85ba269\">Dubrovnik \u2013 622 km<\/p>\n\n\n\n<p id=\"block-517f7113-998e-4e6a-a6e7-a0c2f8ef1be1\">Split \u2013 380 km<\/p>\n\n\n\n<p id=\"block-2c1ef483-7796-4d47-b5b4-5058642bd29e\">Vara\u017edin \u2013 243 km<\/p>\n\n\n\n<p id=\"block-e7d6a3f7-4072-4507-9b77-244f941d501c\">Zadar \u2013 293 km<\/p>\n\n\n\n<p id=\"block-99b65cd0-1f9c-4ddf-8dd7-a42f5703f30e\">Zagreb \u2013 162 km<\/p>\n\n\n\n<p id=\"block-56bf6e24-91ff-4fca-8705-a58ee3b85f71\"><strong>Phone<\/strong>: \u00a0+385 1 4693 700<br><strong>Website<\/strong>:\u00a0<a href=\"https:\/\/www.hak.hr\/en#traffic-flow-and-road-conditions\">https:\/\/www.hak.hr\/en#traffic-flow-and-road-conditions<\/a><br><strong>E-mail<\/strong>: <a href=\"mailto:1987@hak.hr\">1987@hak.hr<\/a><\/p>\n\n\n\n<h2><strong>By train<\/strong><\/h2>\n\n\n\n<p id=\"block-fad25fcf-a651-450b-a035-2f21481f82f3\">The central railway station is located close to the city centre. The information about train schedules can be found on the Hrvatske \u017eeljeznice (Croatian Railroads) web page or at the information point at the station. If you have time for sightseeing, you can leave your luggage in the left-luggage office located inside the station.<\/p>\n\n\n\n<p id=\"block-69715811-752a-4c5c-a1b1-8d032cefb5c9\"><strong>Connections<\/strong><br>The cities to which Rijeka is connected by train: Zagreb, Osijek and Ljubljana directly, and with changeovers you can reach a large number of European destinations.<\/p>\n\n\n\n<p id=\"block-39e7cb67-d1bf-4138-a985-fd42d1767195\"><strong>Phone<\/strong>: &nbsp;+385 60 333 444 \/ +385 51 213 333<br><strong>Website<\/strong>:&nbsp;<a href=\"http:\/\/www.hzpp.hr\/en\">www.hzpp.hr<\/a><br><strong>E-mail<\/strong>: <a href=\"mailto:informacije@hzpp.hr\">informacije@hzpp.hr<\/a><\/p>\n\n\n\n<h2><strong>By boat<\/strong><\/h2>\n\n\n\n<p id=\"block-644c4f34-e468-4505-b704-8eebb2ad97bf\">The boat harbour is located in the city centre. Information about the timetable as well as about prices and other information can be found on the Jadrolinija web page. It is also possible to purchase tickets online or in person at the Jadrolinija agency located on Rijeka&#8217;s waterfront.<\/p>\n\n\n\n<p id=\"block-e7a62226-766f-4980-81d2-bb92153168c8\"><strong>Connections&nbsp;<\/strong><\/p>\n\n\n\n<p id=\"block-20597031-6c9e-4b40-a570-134edcce0aa2\">The places to which Rijeka&nbsp;is connected with catamaran lines: Cres, Lo\u0161inj, Rab, Pag, Susak, Ilovik, Unije.<\/p>\n\n\n\n<p id=\"block-79610a8e-c6e0-43da-85f4-601ffb5c9723\"><strong>Phone<\/strong>: \u00a0+385 51 666 111<br><strong>Website<\/strong>:\u00a0<a href=\"https:\/\/www.jadrolinija.hr\/en\/ferry-croatia\">www.jadrolinija.hr<\/a><br><strong>E-mail<\/strong>: <a href=\"mailto:passdept_h@jadrolinija.hr\">passdept_h@jadrolinija.hr<\/a><\/p>\n\n\n\n<h2 id=\"block-789c9752-7538-4bfc-ae70-73215f2f71d3\">Travelling to the Faculty of Engineering<\/h2>\n\n\n\n<h3>Uber Taxi<\/h3>\n\n\n\n<p id=\"block-187ae27b-6cc2-4a42-96e5-22d32326e12d\">It will cost you cca EUR 3.0<\/p>\n\n\n\n<figure class=\"wp-block-image\" id=\"block-fc59c427-1e9b-422a-8efc-f2d7f88d28b4\"><img src=\"https:\/\/ssip2021.riteh.hr\/wp-content\/uploads\/2021\/01\/venue_img_10-1024x687.png\" alt=\"This image has an empty alt attribute; its file name is venue_img_10-1024x687.png\"\/><\/figure>\n\n\n\n<h3>City bus<\/h3>\n\n\n\n<p id=\"block-8971d98e-9c96-4522-899e-747dae3eb376\"><strong>Useful link<\/strong>: <a href=\"http:\/\/www.visitrijeka.eu\" target=\"_blank\" rel=\"noreferrer noopener\">http:\/\/www.visitrijeka.eu<\/a><\/p>\n\n\n\n<p id=\"block-4a6c26cd-dea6-4205-b950-730773ad26da\">Rijeka\u2019s public transportation includes the city (1st zone) and suburban (2nd, 3rd and 4th zone) bus lines. Public transport operates from 5 am to 11.30 pm, approximately every 15 minutes.<\/p>\n\n\n\n<figure class=\"wp-block-image\" id=\"block-0fb7fdb9-bbfc-48cd-8be7-c6085ebd54b8\"><img src=\"https:\/\/ssip2021.riteh.hr\/wp-content\/uploads\/2021\/01\/venue_img_11-1-1024x647.jpg\" alt=\"This image has an empty alt attribute; its file name is venue_img_11-1-1024x647.jpg\"\/><\/figure>\n\n\n\n<p id=\"block-77ee6ed9-c93c-4969-9891-bf9296bb9be5\"><strong>Tickets<\/strong><\/p>\n\n\n\n<p id=\"block-5787bce7-9eba-4d80-8365-f3fe04225881\">Bus tickets can be bought at kiosks and are valid for two fares. You validate the ticket by inserting it in the ticket machine when you get on the bus. A one-way ticket at a somewhat higher price can be bought from the bus driver on the bus. Daily tickets can also be bought at kiosks and weekly tickets can be bought exclusively at the selling points of Autotrolej.<\/p>\n\n\n\n<p id=\"block-8b0a6952-fef4-4c20-9f3d-1b23b1c30131\"><strong>Ticket prices (for two rides)<\/strong><\/p>\n\n\n\n<p id=\"block-cc77bafa-acbb-4974-95cf-3f61e795e250\">1st zone &#8211; HRK 15.50 (cca EUR 2.10)<\/p>\n\n\n\n<p id=\"block-1b44d07c-66f8-4ec5-9030-689bab7641c2\">2nd zone &#8211; HRK 21.00 (cca EUR 2.80)<\/p>\n\n\n\n<p id=\"block-d97e83b5-0b6e-44db-9a99-a09c25f4389b\">3rd zone &#8211; HRK 26.00 (cca EUR 3.50)<\/p>\n\n\n\n<p id=\"block-641cedef-b05f-42fe-a7b3-bef67162f0ef\">4th zone &#8211; HRK 30.00 (cca EUR 4.10)<\/p>\n\n\n\n<p id=\"block-0eaa14ff-76c7-415f-9b2d-defa247ac3f1\">Daily ticket 1st zone &#8211; HRK 20.00 (cca EUR 2.70) \/ 1st -4th zone &#8211; HRK 32.00 (cca EUR 4.30)<\/p>\n\n\n\n<p id=\"block-20304bad-f403-4705-9fc2-66268cc5086d\">Weekly ticket 1st zone &#8211; HRK 80.00 (cca EUR 10.80) \/ 1st -4th zone &#8211; HRK 160.00 (cca EUR 8.20)<\/p>\n\n\n\n<p id=\"block-a3eedcd5-c3fe-4466-a5e8-9b60872c341c\"><strong>Bus timetable<\/strong><\/p>\n\n\n\n<p id=\"block-00c894aa-ac1e-422c-a3c1-724db48e5fb0\">The day and night timetables for the city and suburban bus lines can be found at the Autotrolej&nbsp;<a href=\"http:\/\/www.autotrolej.hr\/linije\/\">web page<\/a>.<\/p>\n\n\n\n<figure class=\"wp-block-image\" id=\"block-c1ef5963-ecab-415b-a441-8c936886a163\"><img src=\"https:\/\/ssip2021.riteh.hr\/wp-content\/uploads\/2021\/01\/venue_img_12-1024x721.png\" alt=\"This image has an empty alt attribute; its file name is venue_img_12-1024x721.png\"\/><\/figure>\n","protected":false},"excerpt":{"rendered":"<p>You can arrive in Rijeka from three main land directions as well as from the sea and from the air. We are well connected with the rest of the world through a number of airline companies. The extraordinary quality of the Croatian motorways will ensure a pleasant trip. By plane Rijeka Airport (RJK) is located<\/p>\n","protected":false},"author":1,"featured_media":0,"parent":0,"menu_order":0,"comment_status":"closed","ping_status":"closed","template":"page-static.php","meta":[],"_links":{"self":[{"href":"https:\/\/sustrainable.uniri.hr\/index.php?rest_route=\/wp\/v2\/pages\/321"}],"collection":[{"href":"https:\/\/sustrainable.uniri.hr\/index.php?rest_route=\/wp\/v2\/pages"}],"about":[{"href":"https:\/\/sustrainable.uniri.hr\/index.php?rest_route=\/wp\/v2\/types\/page"}],"author":[{"embeddable":true,"href":"https:\/\/sustrainable.uniri.hr\/index.php?rest_route=\/wp\/v2\/users\/1"}],"replies":[{"embeddable":true,"href":"https:\/\/sustrainable.uniri.hr\/index.php?rest_route=%2Fwp%2Fv2%2Fcomments&post=321"}],"version-history":[{"count":0,"href":"https:\/\/sustrainable.uniri.hr\/index.php?rest_route=\/wp\/v2\/pages\/321\/revisions"}],"wp:attachment":[{"href":"https:\/\/sustrainable.uniri.hr\/index.php?rest_route=%2Fwp%2Fv2%2Fmedia&parent=321"}],"curies":[{"name":"wp","href":"https:\/\/api.w.org\/{rel}","templated":true}]}}